{"id":2,"date":"2022-04-08T16:50:35","date_gmt":"2022-04-08T16:50:35","guid":{"rendered":"http:\/\/high-iptv.com\/?page_id=2"},"modified":"2022-04-24T22:38:56","modified_gmt":"2022-04-24T22:38:56","slug":"test-iptv","status":"publish","type":"page","link":"https:\/\/high-iptv.com\/?page_id=2","title":{"rendered":"test iptv"},"content":{"rendered":"\t\t<div data-elementor-type=\"wp-page\" data-elementor-id=\"2\" class=\"elementor elementor-2\">\n\t\t\t\t\t\t<section class=\"elementor-section elementor-top-section elementor-element elementor-element-285b85be elementor-section-boxed elementor-section-height-default elementor-section-height-default\" data-id=\"285b85be\" data-element_type=\"section\" data-e-type=\"section\">\n\t\t\t\t\t\t<div class=\"elementor-container elementor-column-gap-default\">\n\t\t\t\t\t<div class=\"elementor-column elementor-col-100 elementor-top-column elementor-element elementor-element-1202098a\" data-id=\"1202098a\" data-element_type=\"column\" data-e-type=\"column\">\n\t\t\t<div class=\"elementor-widget-wrap elementor-element-populated\">\n\t\t\t\t\t\t<div class=\"elementor-element elementor-element-50cbf665 elementor-widget elementor-widget-text-editor\" data-id=\"50cbf665\" data-element_type=\"widget\" data-e-type=\"widget\" data-widget_type=\"text-editor.default\">\n\t\t\t\t<div class=\"elementor-widget-container\">\n\t\t\t\t\t\t\t\t\t\n<div class=\"wpforms-container \" id=\"wpforms-608\"><form id=\"wpforms-form-608\" class=\"wpforms-validate wpforms-form wpforms-ajax-form\" data-formid=\"608\" method=\"post\" enctype=\"multipart\/form-data\" action=\"\/index.php?rest_route=%2Fwp%2Fv2%2Fpages%2F2\" data-token=\"12390bcaf782aa551a57254c02b6c281\" data-token-time=\"1777107483\"><noscript class=\"wpforms-error-noscript\">Please enable JavaScript in your browser to complete this form.<\/noscript><div class=\"wpforms-field-container\"><div id=\"wpforms-608-field_0-container\" class=\"wpforms-field wpforms-field-name\" data-field-id=\"0\"><label class=\"wpforms-field-label\">Name <span class=\"wpforms-required-label\">*<\/span><\/label><div class=\"wpforms-field-row wpforms-field-medium\"><div class=\"wpforms-field-row-block wpforms-first wpforms-one-half\"><input type=\"text\" id=\"wpforms-608-field_0\" class=\"wpforms-field-name-first wpforms-field-required\" name=\"wpforms[fields][0][first]\" required><label for=\"wpforms-608-field_0\" class=\"wpforms-field-sublabel after\">First<\/label><\/div><div class=\"wpforms-field-row-block wpforms-one-half\"><input type=\"text\" id=\"wpforms-608-field_0-last\" class=\"wpforms-field-name-last wpforms-field-required\" name=\"wpforms[fields][0][last]\" required><label for=\"wpforms-608-field_0-last\" class=\"wpforms-field-sublabel after\">Last<\/label><\/div><\/div><\/div><div id=\"wpforms-608-field_3-container\" class=\"wpforms-field wpforms-field-text\" data-field-id=\"3\"><label class=\"wpforms-field-label\" for=\"wpforms-608-field_3\">telephone<\/label><input type=\"text\" id=\"wpforms-608-field_3\" class=\"wpforms-field-medium\" name=\"wpforms[fields][3]\" ><\/div><div id=\"wpforms-608-field_1-container\" class=\"wpforms-field wpforms-field-email\" data-field-id=\"1\"><label class=\"wpforms-field-label\" for=\"wpforms-608-field_1\">Email <span class=\"wpforms-required-label\">*<\/span><\/label><input type=\"email\" id=\"wpforms-608-field_1\" class=\"wpforms-field-medium wpforms-field-required\" name=\"wpforms[fields][1]\" spellcheck=\"false\" required><\/div><div id=\"wpforms-608-field_5-container\" class=\"wpforms-field wpforms-field-select wpforms-field-select-style-classic\" data-field-id=\"5\"><label class=\"wpforms-field-label\" for=\"wpforms-608-field_5\">Appareil IPTV<\/label><select id=\"wpforms-608-field_5\" class=\"wpforms-field-medium\" name=\"wpforms[fields][5]\"><option value=\"pc\"  class=\"choice-1 depth-1\"  >pc<\/option><option value=\"smart tv\"  class=\"choice-2 depth-1\"  >smart tv<\/option><option value=\"mag\"  class=\"choice-3 depth-1\"  >mag<\/option><option value=\"android box\"  class=\"choice-4 depth-1\"  >android box<\/option><\/select><\/div><div id=\"wpforms-608-field_6-container\" class=\"wpforms-field wpforms-field-text\" data-field-id=\"6\"><label class=\"wpforms-field-label\" for=\"wpforms-608-field_6\">Adresse MAC [Smart TV \/ MAG]<\/label><input type=\"text\" id=\"wpforms-608-field_6\" class=\"wpforms-field-medium\" name=\"wpforms[fields][6]\" ><\/div><div id=\"wpforms-608-field_4-container\" class=\"wpforms-field wpforms-field-text\" data-field-id=\"4\"><label class=\"wpforms-field-label\" for=\"wpforms-608-field_4\">Pays <\/label><input type=\"text\" id=\"wpforms-608-field_4\" class=\"wpforms-field-medium\" name=\"wpforms[fields][4]\" ><\/div><div id=\"wpforms-608-field_2-container\" class=\"wpforms-field wpforms-field-textarea\" data-field-id=\"2\"><label class=\"wpforms-field-label\" for=\"wpforms-608-field_2\">Comment or Message <span class=\"wpforms-required-label\">*<\/span><\/label><textarea id=\"wpforms-608-field_2\" class=\"wpforms-field-medium wpforms-field-required\" name=\"wpforms[fields][2]\" required><\/textarea><\/div><\/div><!-- .wpforms-field-container --><div class=\"wpforms-submit-container\" ><input type=\"hidden\" name=\"wpforms[id]\" value=\"608\"><input type=\"hidden\" name=\"page_title\" value=\"\"><input type=\"hidden\" name=\"page_url\" value=\"https:\/\/high-iptv.com\/index.php?rest_route=\/wp\/v2\/pages\/2\"><input type=\"hidden\" name=\"url_referer\" value=\"\"><button type=\"submit\" name=\"wpforms[submit]\" id=\"wpforms-submit-608\" class=\"wpforms-submit\" data-alt-text=\"Sending...\" data-submit-text=\"Submit\" aria-live=\"assertive\" value=\"wpforms-submit\">Submit<\/button><img decoding=\"async\" src=\"https:\/\/high-iptv.com\/wp-content\/plugins\/wpforms-lite\/assets\/images\/submit-spin.svg\" class=\"wpforms-submit-spinner\" style=\"display: none;\" width=\"26\" height=\"26\" alt=\"Loading\"><\/div><\/form><\/div>  <!-- .wpforms-container -->\n\n<p>\u00a0<\/p>\n\n<p>\u00a0<\/p>\n\t\t\t\t\t\t\t\t<\/div>\n\t\t\t\t<\/div>\n\t\t\t\t\t<\/div>\n\t\t<\/div>\n\t\t\t\t\t<\/div>\n\t\t<\/section>\n\t\t\t\t<section class=\"elementor-section elementor-top-section elementor-element elementor-element-f047c65 elementor-section-boxed elementor-section-height-default elementor-section-height-default\" data-id=\"f047c65\" data-element_type=\"section\" data-e-type=\"section\">\n\t\t\t\t\t\t<div class=\"elementor-container elementor-column-gap-default\">\n\t\t\t\t\t<div class=\"elementor-column elementor-col-100 elementor-top-column elementor-element elementor-element-ce44b14\" data-id=\"ce44b14\" data-element_type=\"column\" data-e-type=\"column\">\n\t\t\t<div class=\"elementor-widget-wrap elementor-element-populated\">\n\t\t\t\t\t\t<div class=\"elementor-element elementor-element-b7ce84f elementor-widget elementor-widget-text-editor\" data-id=\"b7ce84f\" data-element_type=\"widget\" data-e-type=\"widget\" data-widget_type=\"text-editor.default\">\n\t\t\t\t<div class=\"elementor-widget-container\">\n\t\t\t\t\t\t\t\t\t<p>\u00a0high iptv+ vous propose un essai iptv gratuit de 24 heures sans aucun engagement \u00e0 titre gratuit. Avec ce test iptv gratuit de 24 heures, nous vous permettons de tester la qualit\u00e9.<\/p>\n<p>Et par cons\u00e9quent, essayer la stabilit\u00e9 de notre service Probox Iptv avant de vous engager pour une longue dur\u00e9e.<\/p>\n<p>Pour vous satisfaire, nous assurons une r\u00e9ception des chaines en tr\u00e8s haute qualit\u00e9 d\u2019image durant le test iptv gratuit de 24h.<\/p>\n<p>Cela vous garantira aussi le bon visionnage de vos matchs, s\u00e9ries, films et \u00e9v\u00e8nements pr\u00e9f\u00e9r\u00e9s.<\/p>\n<p>En plus, tous les formats de lectures sont disponibles 8k-4k Full HD, UHD, HD, SD, HEVC.<\/p>\n<p>En effet, l\u2019application\u00a0<a href=\"https:\/\/play.google.com\/store\/apps\/details?id=siptv.app&amp;hl=fr&amp;gl=US\">Smart IPTV<\/a>\u00a0rend l\u2019installation de votre abonnement tr\u00e8s simple.<\/p>\n<ul>\n<li>Elle sera \u00e0 distance, mais nous pourrons assurer la configuration sans intervention de votre part ni connaissance technique.<\/li>\n<li>Ainsi nous vous recommandons des applications\u00a0<a href=\"https:\/\/www.android.com\/intl\/fr_fr\/phones-tablets\/\">Android<\/a>\/\u00a0<a href=\"https:\/\/www.apple.com\/fr\/ios\/ios-14\/\">IOS<\/a>\u00a0.\u00a0<\/li>\n<\/ul>\n<p>Afin de voir les instructions et informations n\u00e9cessaires, merci de nous <a href=\"http:\/\/high-iptv.com\/?page_id=544\">contacter<\/a>.<\/p>\t\t\t\t\t\t\t\t<\/div>\n\t\t\t\t<\/div>\n\t\t\t\t\t<\/div>\n\t\t<\/div>\n\t\t\t\t\t<\/div>\n\t\t<\/section>\n\t\t\t\t<section class=\"elementor-section elementor-top-section elementor-element elementor-element-b0834a5 elementor-section-boxed elementor-section-height-default elementor-section-height-default\" data-id=\"b0834a5\" data-element_type=\"section\" data-e-type=\"section\">\n\t\t\t\t\t\t<div class=\"elementor-container elementor-column-gap-default\">\n\t\t\t\t\t<div class=\"elementor-column elementor-col-100 elementor-top-column elementor-element elementor-element-9377530\" data-id=\"9377530\" data-element_type=\"column\" data-e-type=\"column\">\n\t\t\t<div class=\"elementor-widget-wrap elementor-element-populated\">\n\t\t\t\t\t\t<div class=\"elementor-element elementor-element-47e957f elementor-widget elementor-widget-image\" data-id=\"47e957f\" data-element_type=\"widget\" data-e-type=\"widget\" data-widget_type=\"image.default\">\n\t\t\t\t<div class=\"elementor-widget-container\">\n\t\t\t\t\t\t\t\t\t\t\t\t\t\t\t<img fetchpriority=\"high\" decoding=\"async\" width=\"1024\" height=\"682\" src=\"https:\/\/high-iptv.com\/wp-content\/uploads\/2022\/04\/child-playing-at-home-1024x682.jpg\" class=\"attachment-large size-large wp-image-594\" alt=\"test iptv\" srcset=\"https:\/\/high-iptv.com\/wp-content\/uploads\/2022\/04\/child-playing-at-home-1024x682.jpg 1024w, https:\/\/high-iptv.com\/wp-content\/uploads\/2022\/04\/child-playing-at-home-300x200.jpg 300w, https:\/\/high-iptv.com\/wp-content\/uploads\/2022\/04\/child-playing-at-home-768x512.jpg 768w, https:\/\/high-iptv.com\/wp-content\/uploads\/2022\/04\/child-playing-at-home-1536x1024.jpg 1536w, https:\/\/high-iptv.com\/wp-content\/uploads\/2022\/04\/child-playing-at-home-600x400.jpg 600w, https:\/\/high-iptv.com\/wp-content\/uploads\/2022\/04\/child-playing-at-home.jpg 2000w\" sizes=\"(max-width: 1024px) 100vw, 1024px\" \/>\t\t\t\t\t\t\t\t\t\t\t\t\t\t\t<\/div>\n\t\t\t\t<\/div>\n\t\t\t\t\t<\/div>\n\t\t<\/div>\n\t\t\t\t\t<\/div>\n\t\t<\/section>\n\t\t\t\t<\/div>\n\t\t","protected":false},"excerpt":{"rendered":"<p>&nbsp; &nbsp; &nbsp;high iptv+ vous propose un essai iptv gratuit de 24 heures sans aucun engagement \u00e0 titre gratuit. Avec ce test iptv gratuit de 24 heures, nous vous permettons de tester la qualit\u00e9. Et par cons\u00e9quent, essayer la stabilit\u00e9 de notre service Probox Iptv avant de vous engager pour une longue dur\u00e9e. Pour vous [&hellip;]<\/p>\n","protected":false},"author":1,"featured_media":0,"parent":0,"menu_order":0,"comment_status":"closed","ping_status":"open","template":"","meta":{"site-sidebar-layout":"default","site-content-layout":"","ast-site-content-layout":"default","site-content-style":"default","site-sidebar-style":"default","ast-global-header-display":"","ast-banner-title-visibility":"","ast-main-header-display":"","ast-hfb-above-header-display":"","ast-hfb-below-header-display":"","ast-hfb-mobile-header-display":"","site-post-title":"","ast-breadcrumbs-content":"","ast-featured-img":"","footer-sml-layout":"","ast-disable-related-posts":"","theme-transparent-header-meta":"","adv-header-id-meta":"","stick-header-meta":"","header-above-stick-meta":"","header-main-stick-meta":"","header-below-stick-meta":"","astra-migrate-meta-layouts":"default","ast-page-background-enabled":"default","ast-page-background-meta":{"desktop":{"background-color":"","background-image":"","background-repeat":"repeat","background-position":"center center","background-size":"auto","background-attachment":"scroll","background-type":"","background-media":"","overlay-type":"","overlay-color":"","overlay-opacity":"","overlay-gradient":""},"tablet":{"background-color":"","background-image":"","background-repeat":"repeat","background-position":"center center","background-size":"auto","background-attachment":"scroll","background-type":"","background-media":"","overlay-type":"","overlay-color":"","overlay-opacity":"","overlay-gradient":""},"mobile":{"background-color":"","background-image":"","background-repeat":"repeat","background-position":"center center","background-size":"auto","background-attachment":"scroll","background-type":"","background-media":"","overlay-type":"","overlay-color":"","overlay-opacity":"","overlay-gradient":""}},"ast-content-background-meta":{"desktop":{"background-color":"var(--ast-global-color-5)","background-image":"","background-repeat":"repeat","background-position":"center center","background-size":"auto","background-attachment":"scroll","background-type":"","background-media":"","overlay-type":"","overlay-color":"","overlay-opacity":"","overlay-gradient":""},"tablet":{"background-color":"var(--ast-global-color-5)","background-image":"","background-repeat":"repeat","background-position":"center center","background-size":"auto","background-attachment":"scroll","background-type":"","background-media":"","overlay-type":"","overlay-color":"","overlay-opacity":"","overlay-gradient":""},"mobile":{"background-color":"var(--ast-global-color-5)","background-image":"","background-repeat":"repeat","background-position":"center center","background-size":"auto","background-attachment":"scroll","background-type":"","background-media":"","overlay-type":"","overlay-color":"","overlay-opacity":"","overlay-gradient":""}},"footnotes":""},"yst_prominent_words":[],"class_list":["post-2","page","type-page","status-publish","hentry"],"yoast_head":"<!-- This site is optimized with the Yoast SEO Premium plugin v14.0.4 - https:\/\/yoast.com\/wordpress\/plugins\/seo\/ -->\n<title>test iptv - high iptv+<\/title>\n<meta name=\"description\" content=\"Test IPTV gratuit 24h\/essai. high iptv+ vous propose un essai iptv gratuit de 24 heures sans aucun engagement \u00e0 titre gratuit\" \/>\n<meta name=\"robots\" content=\"index, follow\" \/>\n<meta name=\"googlebot\" content=\"index, follow, max-snippet:-1, max-image-preview:large, max-video-preview:-1\" \/>\n<meta name=\"bingbot\" content=\"index, follow, max-snippet:-1, max-image-preview:large, max-video-preview:-1\" \/>\n<link rel=\"canonical\" href=\"http:\/\/high-iptv.com\/?page_id=2\" \/>\n<meta property=\"og:locale\" content=\"en_US\" \/>\n<meta property=\"og:type\" content=\"article\" \/>\n<meta property=\"og:title\" content=\"test iptv - high iptv+\" \/>\n<meta property=\"og:description\" content=\"Test IPTV gratuit 24h\/essai. high iptv+ vous propose un essai iptv gratuit de 24 heures sans aucun engagement \u00e0 titre gratuit\" \/>\n<meta property=\"og:url\" content=\"http:\/\/high-iptv.com\/?page_id=2\" \/>\n<meta property=\"og:site_name\" content=\"High\" \/>\n<meta property=\"article:modified_time\" content=\"2022-04-24T22:38:56+00:00\" \/>\n<meta property=\"og:image\" content=\"http:\/\/high-iptv.com\/wp-content\/uploads\/2022\/04\/child-playing-at-home-1024x682.jpg\" \/>\n<meta name=\"twitter:card\" content=\"summary_large_image\" \/>\n<script type=\"application\/ld+json\" class=\"yoast-schema-graph\">{\"@context\":\"https:\/\/schema.org\",\"@graph\":[{\"@type\":\"WebSite\",\"@id\":\"https:\/\/high-iptv.com\/#website\",\"url\":\"https:\/\/high-iptv.com\/\",\"name\":\"High\",\"description\":\"\",\"potentialAction\":[{\"@type\":\"SearchAction\",\"target\":\"https:\/\/high-iptv.com\/?s={search_term_string}\",\"query-input\":\"required name=search_term_string\"}],\"inLanguage\":\"en-US\"},{\"@type\":\"ImageObject\",\"@id\":\"http:\/\/high-iptv.com\/?page_id=2#primaryimage\",\"inLanguage\":\"en-US\",\"url\":\"http:\/\/high-iptv.com\/wp-content\/uploads\/2022\/04\/child-playing-at-home-1024x682.jpg\"},{\"@type\":\"WebPage\",\"@id\":\"http:\/\/high-iptv.com\/?page_id=2#webpage\",\"url\":\"http:\/\/high-iptv.com\/?page_id=2\",\"name\":\"test iptv - high iptv+\",\"isPartOf\":{\"@id\":\"https:\/\/high-iptv.com\/#website\"},\"primaryImageOfPage\":{\"@id\":\"http:\/\/high-iptv.com\/?page_id=2#primaryimage\"},\"datePublished\":\"2022-04-08T16:50:35+00:00\",\"dateModified\":\"2022-04-24T22:38:56+00:00\",\"description\":\"Test IPTV gratuit 24h\/essai. high iptv+ vous propose un essai iptv gratuit de 24 heures sans aucun engagement \\u00e0 titre gratuit\",\"inLanguage\":\"en-US\",\"potentialAction\":[{\"@type\":\"ReadAction\",\"target\":[\"http:\/\/high-iptv.com\/?page_id=2\"]}]}]}<\/script>\n<!-- \/ Yoast SEO Premium plugin. -->","_links":{"self":[{"href":"https:\/\/high-iptv.com\/index.php?rest_route=\/wp\/v2\/pages\/2","targetHints":{"allow":["GET"]}}],"collection":[{"href":"https:\/\/high-iptv.com\/index.php?rest_route=\/wp\/v2\/pages"}],"about":[{"href":"https:\/\/high-iptv.com\/index.php?rest_route=\/wp\/v2\/types\/page"}],"author":[{"embeddable":true,"href":"https:\/\/high-iptv.com\/index.php?rest_route=\/wp\/v2\/users\/1"}],"replies":[{"embeddable":true,"href":"https:\/\/high-iptv.com\/index.php?rest_route=%2Fwp%2Fv2%2Fcomments&post=2"}],"version-history":[{"count":18,"href":"https:\/\/high-iptv.com\/index.php?rest_route=\/wp\/v2\/pages\/2\/revisions"}],"predecessor-version":[{"id":674,"href":"https:\/\/high-iptv.com\/index.php?rest_route=\/wp\/v2\/pages\/2\/revisions\/674"}],"wp:attachment":[{"href":"https:\/\/high-iptv.com\/index.php?rest_route=%2Fwp%2Fv2%2Fmedia&parent=2"}],"wp:term":[{"taxonomy":"yst_prominent_words","embeddable":true,"href":"https:\/\/high-iptv.com\/index.php?rest_route=%2Fwp%2Fv2%2Fyst_prominent_words&post=2"}],"curies":[{"name":"wp","href":"https:\/\/api.w.org\/{rel}","templated":true}]}}